{"id":50,"date":"2020-04-18T18:32:54","date_gmt":"2020-04-18T16:32:54","guid":{"rendered":"http:\/\/testwp.hotel-kalliste.com\/?page_id=50"},"modified":"2022-05-06T12:42:57","modified_gmt":"2022-05-06T10:42:57","slug":"services-et-equipements","status":"publish","type":"page","link":"http:\/\/www.hotel-kalliste.com\/?page_id=50","title":{"rendered":"Services et \u00e9quipements"},"content":{"rendered":"\n<h1 class=\"wp-block-heading\">Services et \u00e9quipements<\/h1>\n\n\n\n<!-- \n    WuBook Javascript Library\n    Eventually, put it inside\n    your <head\/> tag\n-->\n<script src=\"https:\/\/wubook.net\/js\/wblib.jgz\"><\/script>\n<!-- \n     put the following div where WuBook \n     should be designed. Make sure to\n     preserve the div contents (backlink)\n-->\n<div id=\"_baror_\">\n  <a href=\"https:\/\/fr.wubook.net\/channel-manager\/\" style=\"display: block; margin-top: 5px; text-decoration:none;border:none;\" target=\"_blank\" rel=\"noopener noreferrer\">\n    <img decoding=\"async\" src=\"https:\/\/wubook.net\/imgs\/default\/booking_by_wu.gif\" alt=\"Logiciel WuBook de r\u00e9servation en ligne d\u2019h\u00f4tel\" title=\"WuBook\" style=\"border:none;text-decoration:none;\">\n  <\/a>\n<\/div>\n<!-- \n     Initialize the WuBook Object.\n     Collect params settings.\n     Call WuBook.design_bwidget().\n\n     Notice WuBook Object provides a\n     lot of interesting features.\n-->\n<script>\n  var WuBook= new _WuBook(1533636877);\n  var wbparams= {\n    textcolorpk: '#988454',\n    fixedPosition: 0,\n    ditextcolor: '#ffffff',\n    textcolorbb: '#ffffff',\n    plusperc: 5,\n    listtypebb: '#ffffff',\n    buttoncoloras: '#1c375b',\n    iconcoloras: '#ffffff',\n    rpkgs: '',\n    avgcolor: '#988454',\n    labelcoloras: '#ffffff',\n    barbackground: 'rgb(255, 255, 255)',\n    default_nights: 1,\n    textcolorcalendarbe: '#988454',\n    bordercolor: '#988454',\n    blocks: 'be,as,fe,bb',\n    failback_lang: 'en',\n    hdcode: '',\n    textcolorbuttonbe: '#ffffff',\n    avgtextcolor: '#ffffff',\n    diinputcolor: '#ffffff',\n    lang: '',\n    buttoncolorbe: '#1c375b',\n    dibuttoncolor: '#008000',\n    wbgoogle: 1,\n    bgblocks: '#000000',\n    cmsgs: 'MSwyLDM=',\n    textcolornightspk: '#ffffff',\n    adchi: 1\n  };\n  WuBook.design_bwidget(\"_baror_\", wbparams);\n<\/script>\n<!-- \n    that's all :)\n    Thank you for using WuBook!\n-->\n\n\n\n<h2 class=\"has-text-align-center wp-block-heading\">Nos points forts<\/h2>\n\n\n\n<p>Parking gratuit \/\u00a0Animaux domestiques admis \/\u00a0Connexion Wi-Fi gratuite \/\u00a0Chambres familiales \/\u00a0Piscine ext\u00e9rieure\u00a0\/ Chambres non-fumeurs \/ Chambres PMR<\/p>\n\n\n\n<figure class=\"wp-block-image alignwide size-large\"><img loading=\"lazy\" decoding=\"async\" width=\"800\" height=\"150\" src=\"http:\/\/testwp.hotel-kalliste.com\/wp-content\/uploads\/2020\/05\/FRISE_3.png\" alt=\"\" class=\"wp-image-400\" srcset=\"http:\/\/www.hotel-kalliste.com\/wp-content\/uploads\/2020\/05\/FRISE_3.png 800w, http:\/\/www.hotel-kalliste.com\/wp-content\/uploads\/2020\/05\/FRISE_3-300x56.png 300w, http:\/\/www.hotel-kalliste.com\/wp-content\/uploads\/2020\/05\/FRISE_3-768x144.png 768w\" sizes=\"auto, (max-width: 800px) 100vw, 800px\" \/><\/figure>\n\n\n\n<figure class=\"wp-block-table is-style-regular\"><table class=\"has-fixed-layout\"><tbody><tr><td style=\"border:none;\" class=\"has-text-align-center\" data-align=\"center\"><strong>En Ext\u00e9rieur<\/strong><\/td style=\"border:none;\"><td style=\"border:none;\" class=\"has-text-align-center\" data-align=\"center\"><strong>Internet<\/strong><\/td style=\"border:none;\"><td style=\"border:none;\" class=\"has-text-align-center\" data-align=\"center\">&nbsp; <strong>Divertissements<br> et services aux familles<\/strong><\/td style=\"border:none;\"><\/tr><tr><td style=\"border:none;\" class=\"has-text-align-center\" data-align=\"center\">Piscine exterieur chauff\u00e9e <\/td style=\"border:none;\"><td style=\"border:none;\" class=\"has-text-align-center\" data-align=\"center\">Une connexion Wi-Fi est disponible dans tout l&rsquo;\u00e9tablissement gratuitement.<\/td style=\"border:none;\"><td style=\"border:none;\" class=\"has-text-align-center\" data-align=\"center\">Chaines de TV enfants<\/td style=\"border:none;\"><\/tr><tr><td style=\"border:none;\" class=\"has-text-align-center\" data-align=\"center\">Terrasse vue mer <\/td style=\"border:none;\"><td style=\"border:none;\" class=\"has-text-align-center\" data-align=\"center\"><\/td style=\"border:none;\"><td style=\"border:none;\" class=\"has-text-align-center\" data-align=\"center\">jeux en plein air \u00e0 proximit\u00e9<\/td style=\"border:none;\"><\/tr><tr><td style=\"border:none;\" class=\"has-text-align-center\" data-align=\"center\">Jardin<\/td style=\"border:none;\"><td style=\"border:none;\" class=\"has-text-align-center\" data-align=\"center\"><strong>Activit\u00e9s proches de l&rsquo;hotel<\/strong><\/td style=\"border:none;\"><td style=\"border:none;\" class=\"has-text-align-center\" data-align=\"center\"><\/td style=\"border:none;\"><\/tr><tr><td style=\"border:none;\" class=\"has-text-align-center\" data-align=\"center\"><\/td style=\"border:none;\"><td style=\"border:none;\" class=\"has-text-align-center\" data-align=\"center\">Diffusion d&rsquo;\u00e9v\u00e9nements sportifs<\/td style=\"border:none;\"><td style=\"border:none;\" class=\"has-text-align-center\" data-align=\"center\"><strong>S\u00e9curit\u00e9<\/strong><\/td style=\"border:none;\"><\/tr><tr><td style=\"border:none;\" class=\"has-text-align-center\" data-align=\"center\"><strong>Animaux domestiques <\/strong><\/td style=\"border:none;\"><td style=\"border:none;\" class=\"has-text-align-center\" data-align=\"center\">Concerts\/Spectacles<\/td style=\"border:none;\"><td style=\"border:none;\" class=\"has-text-align-center\" data-align=\"center\">Extincteurs<\/td style=\"border:none;\"><\/tr><tr><td style=\"border:none;\" class=\"has-text-align-center\" data-align=\"center\">Les animaux de compagnie sont <br>admis (un supl\u00e9ment peut s&rsquo;appliquer ).<\/td style=\"border:none;\"><td style=\"border:none;\" class=\"has-text-align-center\" data-align=\"center\">ballades et randonn\u00e9es<\/td style=\"border:none;\"><td style=\"border:none;\" class=\"has-text-align-center\" data-align=\"center\">Alarmes incendies <\/td style=\"border:none;\"><\/tr><tr><td style=\"border:none;\" class=\"has-text-align-center\" data-align=\"center\"><\/td style=\"border:none;\"><td style=\"border:none;\" class=\"has-text-align-center\" data-align=\"center\">bars de nuits<\/td style=\"border:none;\"><td style=\"border:none;\" class=\"has-text-align-center\" data-align=\"center\">Personnels form\u00e9 aux premiers secours<\/td style=\"border:none;\"><\/tr><tr><td style=\"border:none;\" class=\"has-text-align-center\" data-align=\"center\"><strong>Parking<\/strong><\/td style=\"border:none;\"><td style=\"border:none;\" class=\"has-text-align-center\" data-align=\"center\">Sport natiques<\/td style=\"border:none;\"><td style=\"border:none;\" class=\"has-text-align-center\" data-align=\"center\"><\/td style=\"border:none;\"><\/tr><tr><td style=\"border:none;\" class=\"has-text-align-center\" data-align=\"center\">Un parking gratuit et priv\u00e9 <br>est disponible sur place (sans possibilit\u00e9 de r\u00e9server).<\/td style=\"border:none;\"><td style=\"border:none;\" class=\"has-text-align-center\" data-align=\"center\">Mini golf<\/td style=\"border:none;\"><td style=\"border:none;\" class=\"has-text-align-center\" data-align=\"center\"><strong>G\u00e9n\u00e9ral<\/strong> <\/td style=\"border:none;\"><\/tr><tr><td style=\"border:none;\" class=\"has-text-align-center\" data-align=\"center\">Parking Moto<\/td style=\"border:none;\"><td style=\"border:none;\" class=\"has-text-align-center\" data-align=\"center\">snorkling<\/td style=\"border:none;\"><td style=\"border:none;\" class=\"has-text-align-center\" data-align=\"center\">Wifi disponible partout<\/td style=\"border:none;\"><\/tr><tr><td style=\"border:none;\" class=\"has-text-align-center\" data-align=\"center\">Parking Auto<\/td style=\"border:none;\"><td style=\"border:none;\" class=\"has-text-align-center\" data-align=\"center\">Equitation<\/td style=\"border:none;\"><td style=\"border:none;\" class=\"has-text-align-center\" data-align=\"center\">Espaces fumeurs<\/td style=\"border:none;\"><\/tr><tr><td style=\"border:none;\" class=\"has-text-align-center\" data-align=\"center\">Garage \u00e0 V\u00e9lo s\u00e9curis\u00e9<\/td style=\"border:none;\"><td style=\"border:none;\" class=\"has-text-align-center\" data-align=\"center\">plong\u00e9e sous marine<\/td style=\"border:none;\"><td style=\"border:none;\" class=\"has-text-align-center\" data-align=\"center\">Climatisations\/chauffage dans toutes les chambres<\/td style=\"border:none;\"><\/tr><tr><td style=\"border:none;\" class=\"has-text-align-center\" data-align=\"center\"><\/td style=\"border:none;\"><td style=\"border:none;\" class=\"has-text-align-center\" data-align=\"center\">cyclisme<\/td style=\"border:none;\"><td style=\"border:none;\" class=\"has-text-align-center\" data-align=\"center\">Coffre fort sur demande<\/td style=\"border:none;\"><\/tr><tr><td style=\"border:none;\" class=\"has-text-align-center\" data-align=\"center\"><strong>Services<\/strong><\/td style=\"border:none;\"><td style=\"border:none;\" class=\"has-text-align-center\" data-align=\"center\">Kayak de mer<\/td style=\"border:none;\"><td style=\"border:none;\" class=\"has-text-align-center\" data-align=\"center\">Chambres non fumeurs<\/td style=\"border:none;\"><\/tr><tr><td style=\"border:none;\" class=\"has-text-align-center\" data-align=\"center\">Services de m\u00e9nage quotidien<\/td style=\"border:none;\"><td style=\"border:none;\" class=\"has-text-align-center\" data-align=\"center\">Massage<\/td style=\"border:none;\"><td style=\"border:none;\" class=\"has-text-align-center\" data-align=\"center\">Animaux domestiques admis<\/td style=\"border:none;\"><\/tr><tr><td style=\"border:none;\" class=\"has-text-align-center\" data-align=\"center\">Check in\/.out rapide<\/td style=\"border:none;\"><td style=\"border:none;\" class=\"has-text-align-center\" data-align=\"center\">P\u00eache<\/td style=\"border:none;\"><td style=\"border:none;\" class=\"has-text-align-center\" data-align=\"center\"><\/td style=\"border:none;\"><\/tr><tr><td style=\"border:none;\" class=\"has-text-align-center\" data-align=\"center\">Bagagerie<\/td style=\"border:none;\"><td style=\"border:none;\" class=\"has-text-align-center\" data-align=\"center\"><\/td style=\"border:none;\"><td style=\"border:none;\" class=\"has-text-align-center\" data-align=\"center\"><\/td style=\"border:none;\"><\/tr><tr><td style=\"border:none;\" class=\"has-text-align-center\" data-align=\"center\">Photocopies<\/td style=\"border:none;\"><td style=\"border:none;\" class=\"has-text-align-center\" data-align=\"center\"><\/td style=\"border:none;\"><td style=\"border:none;\" class=\"has-text-align-center\" data-align=\"center\"><\/td style=\"border:none;\"><\/tr><\/tbody><\/table><\/figure>\n\n\n\n<!-- \n    WuBook Javascript Library\n    Eventually, put it inside\n    your <head\/> tag\n-->\n<script src=\"https:\/\/wubook.net\/js\/wblib.jgz\"><\/script>\n<!-- \n     put the following div where WuBook \n     should be designed. Make sure to\n     preserve the div contents (backlink)\n-->\n<div id=\"_wbord_\">\n  <a href=\"https:\/\/wubook.net\/property-management-system\/\" style=\"display: block; margin-top: 5px; text-decoration:none;border:none\" target=\"_blank\" rel=\"noopener noreferrer\">\n    <img decoding=\"async\" src=\"https:\/\/wubook.net\/imgs\/default\/booking_by_wu.gif\" alt=\"Gestion d'h\u00e9bergement en ligne Zak\" title=\"WuBook\" style=\"border:none;text-decoration:none\">\n  <\/a>\n<\/div>\n<!-- \n     Initialize the WuBook Object.\n     Collect params settings.\n     Call WuBook.design_rwidget().\n\n     Notice WuBook Object provides a\n     lot of interesting features.\n-->\n<script>\n  var WuBook= new _WuBook(1533636877);\n  var wbparams= {\n    bordercolor: '#108dbd',\n    lang: '',\n    buttoncolor: '#108dbd',\n    failback_lang: 'en',\n    wbgoogle: 1,\n    bgcolor: '#ffffff',\n    dcodeval: '',\n    iconcolor: '#888888',\n    textcolor: '#2c2c2c',\n    default_nights: 1\n  };\n  WuBook.design_rwidget(\"_wbord_\", wbparams);\n<\/script>\n<!-- \n    that's all :)\n    Thank you for using WuBook!\n-->\n","protected":false},"excerpt":{"rendered":"<p>Services et \u00e9quipements Nos points forts Parking gratuit \/\u00a0Animaux domestiques admis \/\u00a0Connexion Wi-Fi gratuite \/\u00a0Chambres familiales \/\u00a0Piscine ext\u00e9rieure\u00a0\/ Chambres non-fumeurs \/ Chambres PMR En Ext\u00e9rieur Internet &nbsp; Divertissements et services aux familles Piscine exterieur chauff\u00e9e Une connexion Wi-Fi est disponible dans tout l&rsquo;\u00e9tablissement gratuitement. Chaines de TV enfants Terrasse vue mer jeux en plein air&hellip;<\/p>\n","protected":false},"author":1,"featured_media":0,"parent":0,"menu_order":0,"comment_status":"closed","ping_status":"closed","template":"","meta":{"_monsterinsights_skip_tracking":false,"_monsterinsights_sitenote_active":false,"_monsterinsights_sitenote_note":"","_monsterinsights_sitenote_category":0,"footnotes":""},"class_list":["post-50","page","type-page","status-publish","hentry"],"_links":{"self":[{"href":"http:\/\/www.hotel-kalliste.com\/index.php?rest_route=\/wp\/v2\/pages\/50","targetHints":{"allow":["GET"]}}],"collection":[{"href":"http:\/\/www.hotel-kalliste.com\/index.php?rest_route=\/wp\/v2\/pages"}],"about":[{"href":"http:\/\/www.hotel-kalliste.com\/index.php?rest_route=\/wp\/v2\/types\/page"}],"author":[{"embeddable":true,"href":"http:\/\/www.hotel-kalliste.com\/index.php?rest_route=\/wp\/v2\/users\/1"}],"replies":[{"embeddable":true,"href":"http:\/\/www.hotel-kalliste.com\/index.php?rest_route=%2Fwp%2Fv2%2Fcomments&post=50"}],"version-history":[{"count":40,"href":"http:\/\/www.hotel-kalliste.com\/index.php?rest_route=\/wp\/v2\/pages\/50\/revisions"}],"predecessor-version":[{"id":4903,"href":"http:\/\/www.hotel-kalliste.com\/index.php?rest_route=\/wp\/v2\/pages\/50\/revisions\/4903"}],"wp:attachment":[{"href":"http:\/\/www.hotel-kalliste.com\/index.php?rest_route=%2Fwp%2Fv2%2Fmedia&parent=50"}],"curies":[{"name":"wp","href":"https:\/\/api.w.org\/{rel}","templated":true}]}}