{"id":502,"date":"2020-05-24T18:08:19","date_gmt":"2020-05-24T16:08:19","guid":{"rendered":"http:\/\/testwp.hotel-kalliste.com\/?page_id=502"},"modified":"2020-05-24T18:08:20","modified_gmt":"2020-05-24T16:08:20","slug":"chambres-economiques","status":"publish","type":"page","link":"http:\/\/www.hotel-kalliste.com\/?page_id=502","title":{"rendered":"Chambres \u00e9conomiques"},"content":{"rendered":"\n<!-- \n    WuBook Javascript Library\n    Eventually, put it inside\n    your <head\/> tag\n-->\n<script src=\"https:\/\/wubook.net\/js\/wblib.jgz\"><\/script>\n<!-- \n     put the following div where WuBook \n     should be designed. Make sure to\n     preserve the div contents (backlink)\n-->\n<div id=\"_baror_\">\n  <a href=\"https:\/\/fr.wubook.net\/channel-manager\/\" style=\"display: block; margin-top: 5px; text-decoration:none;border:none;\" target=\"_blank\" rel=\"noopener noreferrer\">\n    <img decoding=\"async\" src=\"https:\/\/wubook.net\/imgs\/default\/booking_by_wu.gif\" alt=\"Logiciel WuBook de r\u00e9servation en ligne d\u2019h\u00f4tel\" title=\"WuBook\" style=\"border:none;text-decoration:none;\">\n  <\/a>\n<\/div>\n<!-- \n     Initialize the WuBook Object.\n     Collect params settings.\n     Call WuBook.design_bwidget().\n\n     Notice WuBook Object provides a\n     lot of interesting features.\n-->\n<script>\n  var WuBook= new _WuBook(1533636877);\n  var wbparams= {\n    textcolorpk: '#988454',\n    fixedPosition: 0,\n    ditextcolor: '#ffffff',\n    textcolorbb: '#ffffff',\n    plusperc: 5,\n    listtypebb: '#ffffff',\n    buttoncoloras: '#1c375b',\n    iconcoloras: '#ffffff',\n    rpkgs: '',\n    avgcolor: '#988454',\n    labelcoloras: '#ffffff',\n    barbackground: 'rgb(255, 255, 255)',\n    default_nights: 1,\n    textcolorcalendarbe: '#988454',\n    bordercolor: '#988454',\n    blocks: 'be,as,fe,bb',\n    failback_lang: 'en',\n    hdcode: '',\n    textcolorbuttonbe: '#ffffff',\n    avgtextcolor: '#ffffff',\n    diinputcolor: '#ffffff',\n    lang: '',\n    buttoncolorbe: '#1c375b',\n    dibuttoncolor: '#008000',\n    wbgoogle: 1,\n    bgblocks: '#000000',\n    cmsgs: 'MSwyLDM=',\n    textcolornightspk: '#ffffff',\n    adchi: 1\n  };\n  WuBook.design_bwidget(\"_baror_\", wbparams);\n<\/script>\n<!-- \n    that's all :)\n    Thank you for using WuBook!\n-->\n\n\n\n<div class=\"wp-block-group is-layout-flow wp-block-group-is-layout-flow\"><div class=\"wp-block-group__inner-container\"><\/div><\/div>\n\n\n\n<p>Chambre \u00e9conomique <\/p>\n\n\n\n<figure class=\"wp-block-gallery columns-3 is-cropped wp-block-gallery-1 is-layout-flex wp-block-gallery-is-layout-flex\"><ul class=\"blocks-gallery-grid\"><li class=\"blocks-gallery-item\"><figure><img loading=\"lazy\" decoding=\"async\" width=\"1024\" height=\"432\" src=\"http:\/\/testwp.hotel-kalliste.com\/wp-content\/uploads\/2020\/04\/23313653-1-1024x432.jpg\" alt=\"\" data-id=\"35\" data-full-url=\"http:\/\/testwp.hotel-kalliste.com\/wp-content\/uploads\/2020\/04\/23313653-1.jpg\" data-link=\"http:\/\/testwp.hotel-kalliste.com\/?attachment_id=35\" class=\"wp-image-35\" srcset=\"http:\/\/www.hotel-kalliste.com\/wp-content\/uploads\/2020\/04\/23313653-1-1024x432.jpg 1024w, http:\/\/www.hotel-kalliste.com\/wp-content\/uploads\/2020\/04\/23313653-1-300x127.jpg 300w, http:\/\/www.hotel-kalliste.com\/wp-content\/uploads\/2020\/04\/23313653-1-768x324.jpg 768w, http:\/\/www.hotel-kalliste.com\/wp-content\/uploads\/2020\/04\/23313653-1-1536x648.jpg 1536w, http:\/\/www.hotel-kalliste.com\/wp-content\/uploads\/2020\/04\/23313653-1.jpg 1920w\" sizes=\"auto, (max-width: 1024px) 100vw, 1024px\" \/><\/figure><\/li><li class=\"blocks-gallery-item\"><figure><img loading=\"lazy\" decoding=\"async\" width=\"1024\" height=\"432\" src=\"http:\/\/testwp.hotel-kalliste.com\/wp-content\/uploads\/2020\/04\/23313649-1024x432.jpg\" alt=\"\" data-id=\"34\" data-full-url=\"http:\/\/testwp.hotel-kalliste.com\/wp-content\/uploads\/2020\/04\/23313649.jpg\" data-link=\"http:\/\/testwp.hotel-kalliste.com\/?attachment_id=34\" class=\"wp-image-34\" srcset=\"http:\/\/www.hotel-kalliste.com\/wp-content\/uploads\/2020\/04\/23313649-1024x432.jpg 1024w, http:\/\/www.hotel-kalliste.com\/wp-content\/uploads\/2020\/04\/23313649-300x127.jpg 300w, http:\/\/www.hotel-kalliste.com\/wp-content\/uploads\/2020\/04\/23313649-768x324.jpg 768w, http:\/\/www.hotel-kalliste.com\/wp-content\/uploads\/2020\/04\/23313649-1536x648.jpg 1536w, http:\/\/www.hotel-kalliste.com\/wp-content\/uploads\/2020\/04\/23313649.jpg 1920w\" sizes=\"auto, (max-width: 1024px) 100vw, 1024px\" \/><figcaption class=\"blocks-gallery-item__caption\">chambre vue mer<\/figcaption><\/figure><\/li><li class=\"blocks-gallery-item\"><figure><img loading=\"lazy\" decoding=\"async\" width=\"1024\" height=\"432\" src=\"http:\/\/testwp.hotel-kalliste.com\/wp-content\/uploads\/2020\/04\/23313640-1024x432.jpg\" alt=\"\" data-id=\"33\" data-full-url=\"http:\/\/testwp.hotel-kalliste.com\/wp-content\/uploads\/2020\/04\/23313640.jpg\" data-link=\"http:\/\/testwp.hotel-kalliste.com\/?attachment_id=33\" class=\"wp-image-33\" srcset=\"http:\/\/www.hotel-kalliste.com\/wp-content\/uploads\/2020\/04\/23313640-1024x432.jpg 1024w, http:\/\/www.hotel-kalliste.com\/wp-content\/uploads\/2020\/04\/23313640-300x127.jpg 300w, http:\/\/www.hotel-kalliste.com\/wp-content\/uploads\/2020\/04\/23313640-768x324.jpg 768w, http:\/\/www.hotel-kalliste.com\/wp-content\/uploads\/2020\/04\/23313640-1536x648.jpg 1536w, http:\/\/www.hotel-kalliste.com\/wp-content\/uploads\/2020\/04\/23313640.jpg 1920w\" sizes=\"auto, (max-width: 1024px) 100vw, 1024px\" \/><figcaption class=\"blocks-gallery-item__caption\">chambre vue mer<\/figcaption><\/figure><\/li><li class=\"blocks-gallery-item\"><figure><img loading=\"lazy\" decoding=\"async\" width=\"1024\" height=\"432\" src=\"http:\/\/testwp.hotel-kalliste.com\/wp-content\/uploads\/2020\/04\/23313592-1024x432.jpg\" alt=\"\" data-id=\"32\" data-full-url=\"http:\/\/testwp.hotel-kalliste.com\/wp-content\/uploads\/2020\/04\/23313592.jpg\" data-link=\"http:\/\/testwp.hotel-kalliste.com\/?attachment_id=32\" class=\"wp-image-32\" srcset=\"http:\/\/www.hotel-kalliste.com\/wp-content\/uploads\/2020\/04\/23313592-1024x432.jpg 1024w, http:\/\/www.hotel-kalliste.com\/wp-content\/uploads\/2020\/04\/23313592-300x127.jpg 300w, http:\/\/www.hotel-kalliste.com\/wp-content\/uploads\/2020\/04\/23313592-768x324.jpg 768w, http:\/\/www.hotel-kalliste.com\/wp-content\/uploads\/2020\/04\/23313592-1536x648.jpg 1536w, http:\/\/www.hotel-kalliste.com\/wp-content\/uploads\/2020\/04\/23313592.jpg 1920w\" sizes=\"auto, (max-width: 1024px) 100vw, 1024px\" \/><figcaption class=\"blocks-gallery-item__caption\">vue du Kalliste<\/figcaption><\/figure><\/li><li class=\"blocks-gallery-item\"><figure><img loading=\"lazy\" decoding=\"async\" width=\"1024\" height=\"681\" src=\"http:\/\/testwp.hotel-kalliste.com\/wp-content\/uploads\/2020\/04\/DSC7407-1024x681.jpg\" alt=\"\" data-id=\"15\" data-full-url=\"http:\/\/testwp.hotel-kalliste.com\/wp-content\/uploads\/2020\/04\/DSC7407-scaled.jpg\" data-link=\"http:\/\/testwp.hotel-kalliste.com\/?attachment_id=15\" class=\"wp-image-15\" srcset=\"http:\/\/www.hotel-kalliste.com\/wp-content\/uploads\/2020\/04\/DSC7407-1024x681.jpg 1024w, http:\/\/www.hotel-kalliste.com\/wp-content\/uploads\/2020\/04\/DSC7407-300x200.jpg 300w, http:\/\/www.hotel-kalliste.com\/wp-content\/uploads\/2020\/04\/DSC7407-768x511.jpg 768w, http:\/\/www.hotel-kalliste.com\/wp-content\/uploads\/2020\/04\/DSC7407-1536x1022.jpg 1536w, http:\/\/www.hotel-kalliste.com\/wp-content\/uploads\/2020\/04\/DSC7407-2048x1363.jpg 2048w\" sizes=\"auto, (max-width: 1024px) 100vw, 1024px\" \/><\/figure><\/li><li class=\"blocks-gallery-item\"><figure><img loading=\"lazy\" decoding=\"async\" width=\"1024\" height=\"432\" src=\"http:\/\/testwp.hotel-kalliste.com\/wp-content\/uploads\/2020\/04\/23313657-1024x432.jpg\" alt=\"\" data-id=\"37\" data-full-url=\"http:\/\/testwp.hotel-kalliste.com\/wp-content\/uploads\/2020\/04\/23313657.jpg\" data-link=\"http:\/\/testwp.hotel-kalliste.com\/?attachment_id=37\" class=\"wp-image-37\" srcset=\"http:\/\/www.hotel-kalliste.com\/wp-content\/uploads\/2020\/04\/23313657-1024x432.jpg 1024w, http:\/\/www.hotel-kalliste.com\/wp-content\/uploads\/2020\/04\/23313657-300x127.jpg 300w, http:\/\/www.hotel-kalliste.com\/wp-content\/uploads\/2020\/04\/23313657-768x324.jpg 768w, http:\/\/www.hotel-kalliste.com\/wp-content\/uploads\/2020\/04\/23313657-1536x648.jpg 1536w, http:\/\/www.hotel-kalliste.com\/wp-content\/uploads\/2020\/04\/23313657.jpg 1920w\" sizes=\"auto, (max-width: 1024px) 100vw, 1024px\" \/><figcaption class=\"blocks-gallery-item__caption\">piscine kalliste<\/figcaption><\/figure><\/li><li class=\"blocks-gallery-item\"><figure><img loading=\"lazy\" decoding=\"async\" width=\"1024\" height=\"432\" src=\"http:\/\/testwp.hotel-kalliste.com\/wp-content\/uploads\/2020\/04\/23313653-1024x432.jpg\" alt=\"\" data-id=\"36\" data-full-url=\"http:\/\/testwp.hotel-kalliste.com\/wp-content\/uploads\/2020\/04\/23313653.jpg\" data-link=\"http:\/\/testwp.hotel-kalliste.com\/?attachment_id=36\" class=\"wp-image-36\" srcset=\"http:\/\/www.hotel-kalliste.com\/wp-content\/uploads\/2020\/04\/23313653-1024x432.jpg 1024w, http:\/\/www.hotel-kalliste.com\/wp-content\/uploads\/2020\/04\/23313653-300x127.jpg 300w, http:\/\/www.hotel-kalliste.com\/wp-content\/uploads\/2020\/04\/23313653-768x324.jpg 768w, http:\/\/www.hotel-kalliste.com\/wp-content\/uploads\/2020\/04\/23313653-1536x648.jpg 1536w, http:\/\/www.hotel-kalliste.com\/wp-content\/uploads\/2020\/04\/23313653.jpg 1920w\" sizes=\"auto, (max-width: 1024px) 100vw, 1024px\" \/><figcaption class=\"blocks-gallery-item__caption\">chambre vue mer<\/figcaption><\/figure><\/li><li class=\"blocks-gallery-item\"><figure><img loading=\"lazy\" decoding=\"async\" width=\"1024\" height=\"432\" src=\"http:\/\/testwp.hotel-kalliste.com\/wp-content\/uploads\/2020\/04\/23313662-1024x432.jpg\" alt=\"\" data-id=\"38\" data-full-url=\"http:\/\/testwp.hotel-kalliste.com\/wp-content\/uploads\/2020\/04\/23313662.jpg\" data-link=\"http:\/\/testwp.hotel-kalliste.com\/?attachment_id=38\" class=\"wp-image-38\" srcset=\"http:\/\/www.hotel-kalliste.com\/wp-content\/uploads\/2020\/04\/23313662-1024x432.jpg 1024w, http:\/\/www.hotel-kalliste.com\/wp-content\/uploads\/2020\/04\/23313662-300x127.jpg 300w, http:\/\/www.hotel-kalliste.com\/wp-content\/uploads\/2020\/04\/23313662-768x324.jpg 768w, http:\/\/www.hotel-kalliste.com\/wp-content\/uploads\/2020\/04\/23313662-1536x648.jpg 1536w, http:\/\/www.hotel-kalliste.com\/wp-content\/uploads\/2020\/04\/23313662.jpg 1920w\" sizes=\"auto, (max-width: 1024px) 100vw, 1024px\" \/><figcaption class=\"blocks-gallery-item__caption\">golfe de porto<\/figcaption><\/figure><\/li><\/ul><\/figure>\n\n\n\n<h2 class=\"wp-block-heading\">\u00c9quipements<\/h2>\n\n\n\n<ul class=\"wp-block-list\"><li>T\u00e9l\u00e9vision \u00e0 \u00e9cran plat<\/li><li>T\u00e9l\u00e9phone<\/li><li>Climatisation<\/li><li>S\u00e8che-cheveux<\/li><li>Service de r\u00e9veil<\/li><li>Radio<\/li><li>Bureau<\/li><li>Articles de toilette gratuits<\/li><li>Toilettes<\/li><li>Salle de bains privative<\/li><li>Chauffage<\/li><li>Cha\u00eenes satellite<\/li><li>Baignoire ou douche<\/li><li>Entr\u00e9e priv\u00e9e<\/li><li>Sol carrel\u00e9<\/li><li>Service de r\u00e9veil<\/li><li>Armoire ou penderie<\/li><li>Serviettes<\/li><li>Linge de maison<\/li><li>Papier toilette<\/li><li>Prise pr\u00e8s du lit<\/li><\/ul>\n\n\n\n<!-- \n    WuBook Javascript Library\n    Eventually, put it inside\n    your <head\/> tag\n-->\n<script src=\"https:\/\/wubook.net\/js\/wblib.jgz\"><\/script>\n<!-- \n     put the following div where WuBook \n     should be designed. Make sure to\n     preserve the div contents (backlink)\n-->\n<div id=\"_wbord_\">\n  <a href=\"https:\/\/wubook.net\/property-management-system\/\" style=\"display: block; margin-top: 5px; text-decoration:none;border:none\" target=\"_blank\" rel=\"noopener noreferrer\">\n    <img decoding=\"async\" src=\"https:\/\/wubook.net\/imgs\/default\/booking_by_wu.gif\" alt=\"Gestion d'h\u00e9bergement en ligne Zak\" title=\"WuBook\" style=\"border:none;text-decoration:none\">\n  <\/a>\n<\/div>\n<!-- \n     Initialize the WuBook Object.\n     Collect params settings.\n     Call WuBook.design_rwidget().\n\n     Notice WuBook Object provides a\n     lot of interesting features.\n-->\n<script>\n  var WuBook= new _WuBook(1533636877);\n  var wbparams= {\n    bordercolor: '#108dbd',\n    lang: '',\n    buttoncolor: '#108dbd',\n    failback_lang: 'en',\n    wbgoogle: 1,\n    bgcolor: '#ffffff',\n    dcodeval: '',\n    iconcolor: '#888888',\n    textcolor: '#2c2c2c',\n    default_nights: 1\n  };\n  WuBook.design_rwidget(\"_wbord_\", wbparams);\n<\/script>\n<!-- \n    that's all :)\n    Thank you for using WuBook!\n-->\n\n\n\n<ul class=\"wp-block-list\"><li><\/li><\/ul>\n","protected":false},"excerpt":{"rendered":"<p>Chambre \u00e9conomique \u00c9quipements T\u00e9l\u00e9vision \u00e0 \u00e9cran plat T\u00e9l\u00e9phone Climatisation S\u00e8che-cheveux Service de r\u00e9veil Radio Bureau Articles de toilette gratuits Toilettes Salle de bains privative Chauffage Cha\u00eenes satellite Baignoire ou douche Entr\u00e9e priv\u00e9e Sol carrel\u00e9 Service de r\u00e9veil Armoire ou penderie Serviettes Linge de maison Papier toilette Prise pr\u00e8s du lit<\/p>\n","protected":false},"author":1,"featured_media":0,"parent":0,"menu_order":0,"comment_status":"closed","ping_status":"closed","template":"","meta":{"_monsterinsights_skip_tracking":false,"_monsterinsights_sitenote_active":false,"_monsterinsights_sitenote_note":"","_monsterinsights_sitenote_category":0,"footnotes":""},"class_list":["post-502","page","type-page","status-publish","hentry"],"_links":{"self":[{"href":"http:\/\/www.hotel-kalliste.com\/index.php?rest_route=\/wp\/v2\/pages\/502","targetHints":{"allow":["GET"]}}],"collection":[{"href":"http:\/\/www.hotel-kalliste.com\/index.php?rest_route=\/wp\/v2\/pages"}],"about":[{"href":"http:\/\/www.hotel-kalliste.com\/index.php?rest_route=\/wp\/v2\/types\/page"}],"author":[{"embeddable":true,"href":"http:\/\/www.hotel-kalliste.com\/index.php?rest_route=\/wp\/v2\/users\/1"}],"replies":[{"embeddable":true,"href":"http:\/\/www.hotel-kalliste.com\/index.php?rest_route=%2Fwp%2Fv2%2Fcomments&post=502"}],"version-history":[{"count":1,"href":"http:\/\/www.hotel-kalliste.com\/index.php?rest_route=\/wp\/v2\/pages\/502\/revisions"}],"predecessor-version":[{"id":503,"href":"http:\/\/www.hotel-kalliste.com\/index.php?rest_route=\/wp\/v2\/pages\/502\/revisions\/503"}],"wp:attachment":[{"href":"http:\/\/www.hotel-kalliste.com\/index.php?rest_route=%2Fwp%2Fv2%2Fmedia&parent=502"}],"curies":[{"name":"wp","href":"https:\/\/api.w.org\/{rel}","templated":true}]}}