{"id":551,"date":"2020-05-24T18:45:18","date_gmt":"2020-05-24T16:45:18","guid":{"rendered":"http:\/\/testwp.hotel-kalliste.com\/?page_id=551"},"modified":"2020-05-24T18:45:20","modified_gmt":"2020-05-24T16:45:20","slug":"bewertungen","status":"publish","type":"page","link":"http:\/\/www.hotel-kalliste.com\/?page_id=551&lang=de","title":{"rendered":"Bewertungen"},"content":{"rendered":"\n<p>                   <\/p>\n\n\n\n<p>                <\/p>\n\n\n\n<p>            <\/p>\n\n\n\n<p><\/p>\n\n\n\n<!-- \n    WuBook Javascript Library\n    Eventually, put it inside\n    your <head\/> tag\n-->\n<script src=\"https:\/\/wubook.net\/js\/wblib.jgz\"><\/script>\n<!-- \n     put the following div where WuBook \n     should be designed. Make sure to\n     preserve the div contents (backlink)\n-->\n<div id=\"_baror_\">\n  <a href=\"https:\/\/fr.wubook.net\/channel-manager\/\" style=\"display: block; margin-top: 5px; text-decoration:none;border:none;\" target=\"_blank\" rel=\"noopener noreferrer\">\n    <img decoding=\"async\" src=\"https:\/\/wubook.net\/imgs\/default\/booking_by_wu.gif\" alt=\"Logiciel WuBook de r\u00e9servation en ligne d\u2019h\u00f4tel\" title=\"WuBook\" style=\"border:none;text-decoration:none;\">\n  <\/a>\n<\/div>\n<!-- \n     Initialize the WuBook Object.\n     Collect params settings.\n     Call WuBook.design_bwidget().\n\n     Notice WuBook Object provides a\n     lot of interesting features.\n-->\n<script>\n  var WuBook= new _WuBook(1533636877);\n  var wbparams= {\n    textcolorpk: '#988454',\n    fixedPosition: 0,\n    ditextcolor: '#ffffff',\n    textcolorbb: '#ffffff',\n    plusperc: 5,\n    listtypebb: '#ffffff',\n    buttoncoloras: '#1c375b',\n    iconcoloras: '#ffffff',\n    rpkgs: '',\n    avgcolor: '#988454',\n    labelcoloras: '#ffffff',\n    barbackground: 'rgb(255, 255, 255)',\n    default_nights: 1,\n    textcolorcalendarbe: '#988454',\n    bordercolor: '#988454',\n    blocks: 'be,as,fe,bb',\n    failback_lang: 'en',\n    hdcode: '',\n    textcolorbuttonbe: '#ffffff',\n    avgtextcolor: '#ffffff',\n    diinputcolor: '#ffffff',\n    lang: '',\n    buttoncolorbe: '#1c375b',\n    dibuttoncolor: '#008000',\n    wbgoogle: 1,\n    bgblocks: '#000000',\n    cmsgs: 'MSwyLDM=',\n    textcolornightspk: '#ffffff',\n    adchi: 1\n  };\n  WuBook.design_bwidget(\"_baror_\", wbparams);\n<\/script>\n<!-- \n    that's all :)\n    Thank you for using WuBook!\n-->\n\n\n\n<blockquote class=\"wp-block-quote is-layout-flow wp-block-quote-is-layout-flow\"><p><\/p><p>Brigitte  <img decoding=\"async\" src=\"https:\/\/r-cf.bstatic.com\/static\/img\/flags\/16\/fr\/f6a43d64757654c6bd1d2edddf06764e03f5dc7c.png\" alt=\"\"> &nbsp;France&nbsp;10\/10<strong>&nbsp;Le choix des voyageurs<\/strong>&nbsp;Commentaire envoy\u00e9 le 25 juillet 2019<\/p><p>Exceptionnel&nbsp;<\/p><p>A aim\u00e9&nbsp;\u00b7&nbsp;Vue mer et coucher de soleil magnifique. H\u00f4tel tr\u00e8s central, \u00e0 c\u00f4t\u00e9 d\u2019en toutes les commodit\u00e9s.<\/p><p>H\u00e9bergement&nbsp;: Chambre Double \u00c9conomique juillet 2019<\/p><\/blockquote>\n\n\n\n<p><\/p>\n\n\n\n<blockquote class=\"wp-block-quote is-layout-flow wp-block-quote-is-layout-flow\"><p>Geloup  <img decoding=\"async\" src=\"https:\/\/q-cf.bstatic.com\/static\/img\/flags\/16\/be\/e2e7003280c8772723684ba9bbfe0367ccc56546.png\" alt=\"\">&nbsp;Belgique 8,3\/10&nbsp; Commentaire envoy\u00e9 le 13 octobre 2019 <\/p><p>13 jours a porto &nbsp;<\/p><p>A aim\u00e9&nbsp;\u00b7&nbsp;la situation<\/p><p>Terrasse &#8211; Vue sur Mer septembre 2019<\/p><\/blockquote>\n\n\n\n<p><\/p>\n\n\n\n<blockquote class=\"wp-block-quote is-layout-flow wp-block-quote-is-layout-flow\"><p>Daniel <img decoding=\"async\" src=\"https:\/\/r-cf.bstatic.com\/static\/img\/flags\/16\/fr\/f6a43d64757654c6bd1d2edddf06764e03f5dc7c.png\" alt=\"\"> &nbsp;France 9,2\/10&nbsp;Commentaire envoy\u00e9 le 12 octobre 2019<\/p><p>Fabuleux&nbsp;<\/p><p>&nbsp;A aim\u00e9&nbsp;\u00b7&nbsp;Petit-d\u00e9jeuner de qualit\u00e9 , la vue mer, et la piscine panoramique<\/p><p>H\u00e9bergement&nbsp;: Chambre Double avec Terrasse &#8211; Vue sur Mer octobre 2019<\/p><\/blockquote>\n\n\n\n<p><\/p>\n\n\n\n<blockquote class=\"wp-block-quote is-layout-flow wp-block-quote-is-layout-flow\"><p>Sandrine  <img decoding=\"async\" src=\"https:\/\/r-cf.bstatic.com\/static\/img\/flags\/16\/fr\/f6a43d64757654c6bd1d2edddf06764e03f5dc7c.png\" alt=\"\"> &nbsp;France 9,2\/10&nbsp;Commentaire envoy\u00e9 le 7 octobre 2019<\/p><p>Nous avons eu une chambre comme promis avec une tr\u00e8s belle vue sur la mer. La chambre tr\u00e8s confortable avec un beau balcon<\/p><p>&nbsp;A aim\u00e9&nbsp;\u00b7&nbsp;La chambre vue mer, la piscine, l\u2019accueil<\/p><p>H\u00e9bergement&nbsp;: Chambre Double avec Terrasse &#8211; Vue sur Mer septembre 2019&nbsp;<\/p><\/blockquote>\n\n\n\n<p><\/p>\n\n\n\n<blockquote class=\"wp-block-quote is-layout-flow wp-block-quote-is-layout-flow\"><p>Philippe <img decoding=\"async\" src=\"https:\/\/r-cf.bstatic.com\/static\/img\/flags\/16\/fr\/f6a43d64757654c6bd1d2edddf06764e03f5dc7c.png\" alt=\"\">&nbsp;France 9,2\/10&nbsp;Commentaire envoy\u00e9 le 1 octobre 2019<\/p><p>Tr\u00e8s agr\u00e9able&nbsp;<\/p><p>A aim\u00e9&nbsp;\u00b7&nbsp;Bon buffet de petit d\u00e9jeuner sur une terrasse avec une vue sur la mer, emplacement central et en m\u00eame temps au calme. Piscine agr\u00e9able, belle vue depuis la terrasse de la chambre.<\/p><p>H\u00e9bergement&nbsp;: Chambre Double avec Terrasse &#8211; Vue sur Mer septembre 2019&nbsp;<\/p><\/blockquote>\n\n\n\n<p><\/p>\n\n\n\n<blockquote class=\"wp-block-quote is-layout-flow wp-block-quote-is-layout-flow\"><p>Sylvie <img decoding=\"async\" src=\"https:\/\/r-cf.bstatic.com\/static\/img\/flags\/16\/fr\/f6a43d64757654c6bd1d2edddf06764e03f5dc7c.png\" alt=\"\">&nbsp;France 9,0<em>\/10<\/em>&nbsp;Commentaire envoy\u00e9 le 11 septembre 2019<\/p><p>Fabuleux&nbsp;&nbsp;<\/p><p>A aim\u00e9&nbsp;\u00b7&nbsp;Emplacement et piscine, le choix et la qualit\u00e9 du petit d\u00e9jeuner.<\/p><p>H\u00e9bergement&nbsp;: Chambre Double avec Terrasse &#8211; Vue sur Mer septembre 2019&nbsp;<\/p><\/blockquote>\n\n\n\n<p><\/p>\n\n\n\n<blockquote class=\"wp-block-quote is-layout-flow wp-block-quote-is-layout-flow\"><p>Jacqueline <img decoding=\"async\" src=\"https:\/\/q-cf.bstatic.com\/static\/img\/flags\/16\/be\/e2e7003280c8772723684ba9bbfe0367ccc56546.png\" alt=\"\">&nbsp;Belgique 10<em>\/10<\/em>&nbsp;Commentaire envoy\u00e9 le 10 septembre 2019<\/p><p>Superbe&nbsp;<\/p><p>A aim\u00e9&nbsp;\u00b7&nbsp;La situation, la vue de la terrasse et le parking gratuit.&nbsp;La salle de bain et la toilette r\u00e9nov\u00e9es. La piscine \u00e9loign\u00e9e de l\u2019h\u00f4tel.<\/p><p>H\u00e9bergement&nbsp;: Chambre Double avec Terrasse &#8211; Vue sur Mer septembre 2019&nbsp;<\/p><\/blockquote>\n\n\n\n<p><\/p>\n\n\n\n<blockquote class=\"wp-block-quote is-layout-flow wp-block-quote-is-layout-flow\"><p>Jpgs <img decoding=\"async\" src=\"https:\/\/r-cf.bstatic.com\/static\/img\/flags\/16\/fr\/f6a43d64757654c6bd1d2edddf06764e03f5dc7c.png\" alt=\"\">&nbsp;France 9,2<em>\/10<\/em>&nbsp;Commentaire envoy\u00e9 le 8 septembre 2019<\/p><p>Tr\u00e8s satisfaits.&nbsp;<\/p><p>A aim\u00e9&nbsp;\u00b7&nbsp;La chambre \u00e9tait tr\u00e8s propre et confortable. La vue superbe. L accueil excellent, tr\u00e8s professionnel, Le petit d\u00e9jeuner \u00e0 10\u20ac.<\/p><p>H\u00e9bergement&nbsp;: Chambre Double \u00c9conomique septembre 2019&nbsp;<\/p><\/blockquote>\n\n\n\n<p><\/p>\n\n\n\n<blockquote class=\"wp-block-quote is-layout-flow wp-block-quote-is-layout-flow\"><p>Lydie <img decoding=\"async\" src=\"https:\/\/r-cf.bstatic.com\/static\/img\/flags\/16\/fr\/f6a43d64757654c6bd1d2edddf06764e03f5dc7c.png\" alt=\"\">&nbsp;France 9,2<em>\/10<\/em>&nbsp;Commentaire envoy\u00e9 le 7 septembre 2019<\/p><p>Fabuleux&nbsp;&nbsp;<\/p><p>A aim\u00e9&nbsp;\u00b7&nbsp;Proximit\u00e9 du centre ville Magnifique vue dans la chambre balcon vue sur mer Petit d\u00e9jeuner correct, ascenseurs<\/p><p>H\u00e9bergement&nbsp;: Chambre Double avec Terrasse &#8211; Vue sur Mer septembre 2019&nbsp;<\/p><\/blockquote>\n\n\n\n<p><\/p>\n\n\n\n<blockquote class=\"wp-block-quote is-style-default is-layout-flow wp-block-quote-is-layout-flow\"><p>Marion <img decoding=\"async\" src=\"https:\/\/r-cf.bstatic.com\/static\/img\/flags\/16\/fr\/f6a43d64757654c6bd1d2edddf06764e03f5dc7c.png\" alt=\"\">&nbsp;France 8.5<em>\/10<\/em>&nbsp;Commentaire envoy\u00e9 le 26 ao\u00fbt 2019<\/p><p>Sejour au top&nbsp;<\/p><p>A aim\u00e9&nbsp;\u00b7&nbsp;Emplacement super dans le golfe de porto Vue du balcon extraordinaire sur le golfe, avec coucher de soleil magique Piscine au calme, vue magnifique montagne \/ mer.<\/p><p>H\u00e9bergement&nbsp;: Chambre Double avec Terrasse &#8211; Vue sur Mer ao\u00fbt 2019<\/p><\/blockquote>\n\n\n\n<!-- \n    WuBook Javascript Library\n    Eventually, put it inside\n    your <head\/> tag\n-->\n<script src=\"https:\/\/wubook.net\/js\/wblib.jgz\"><\/script>\n<!-- \n     put the following div where WuBook \n     should be designed. Make sure to\n     preserve the div contents (backlink)\n-->\n<div id=\"_wbord_\">\n  <a href=\"https:\/\/wubook.net\/property-management-system\/\" style=\"display: block; margin-top: 5px; text-decoration:none;border:none\" target=\"_blank\" rel=\"noopener noreferrer\">\n    <img decoding=\"async\" src=\"https:\/\/wubook.net\/imgs\/default\/booking_by_wu.gif\" alt=\"Gestion d'h\u00e9bergement en ligne Zak\" title=\"WuBook\" style=\"border:none;text-decoration:none\">\n  <\/a>\n<\/div>\n<!-- \n     Initialize the WuBook Object.\n     Collect params settings.\n     Call WuBook.design_rwidget().\n\n     Notice WuBook Object provides a\n     lot of interesting features.\n-->\n<script>\n  var WuBook= new _WuBook(1533636877);\n  var wbparams= {\n    bordercolor: '#108dbd',\n    lang: '',\n    buttoncolor: '#108dbd',\n    failback_lang: 'en',\n    wbgoogle: 1,\n    bgcolor: '#ffffff',\n    dcodeval: '',\n    iconcolor: '#888888',\n    textcolor: '#2c2c2c',\n    default_nights: 1\n  };\n  WuBook.design_rwidget(\"_wbord_\", wbparams);\n<\/script>\n<!-- \n    that's all :)\n    Thank you for using WuBook!\n-->\n","protected":false},"excerpt":{"rendered":"<p>Brigitte &nbsp;France&nbsp;10\/10&nbsp;Le choix des voyageurs&nbsp;Commentaire envoy\u00e9 le 25 juillet 2019 Exceptionnel&nbsp; A aim\u00e9&nbsp;\u00b7&nbsp;Vue mer et coucher de soleil magnifique. H\u00f4tel tr\u00e8s central, \u00e0 c\u00f4t\u00e9 d\u2019en toutes les commodit\u00e9s. H\u00e9bergement&nbsp;: Chambre Double \u00c9conomique juillet 2019 Geloup &nbsp;Belgique 8,3\/10&nbsp; Commentaire envoy\u00e9 le 13 octobre 2019 13 jours a porto &nbsp; A aim\u00e9&nbsp;\u00b7&nbsp;la situation Terrasse &#8211; Vue sur&hellip;<\/p>\n","protected":false},"author":1,"featured_media":0,"parent":0,"menu_order":0,"comment_status":"closed","ping_status":"closed","template":"","meta":{"_monsterinsights_skip_tracking":false,"_monsterinsights_sitenote_active":false,"_monsterinsights_sitenote_note":"","_monsterinsights_sitenote_category":0,"footnotes":""},"class_list":["post-551","page","type-page","status-publish","hentry"],"_links":{"self":[{"href":"http:\/\/www.hotel-kalliste.com\/index.php?rest_route=\/wp\/v2\/pages\/551","targetHints":{"allow":["GET"]}}],"collection":[{"href":"http:\/\/www.hotel-kalliste.com\/index.php?rest_route=\/wp\/v2\/pages"}],"about":[{"href":"http:\/\/www.hotel-kalliste.com\/index.php?rest_route=\/wp\/v2\/types\/page"}],"author":[{"embeddable":true,"href":"http:\/\/www.hotel-kalliste.com\/index.php?rest_route=\/wp\/v2\/users\/1"}],"replies":[{"embeddable":true,"href":"http:\/\/www.hotel-kalliste.com\/index.php?rest_route=%2Fwp%2Fv2%2Fcomments&post=551"}],"version-history":[{"count":1,"href":"http:\/\/www.hotel-kalliste.com\/index.php?rest_route=\/wp\/v2\/pages\/551\/revisions"}],"predecessor-version":[{"id":552,"href":"http:\/\/www.hotel-kalliste.com\/index.php?rest_route=\/wp\/v2\/pages\/551\/revisions\/552"}],"wp:attachment":[{"href":"http:\/\/www.hotel-kalliste.com\/index.php?rest_route=%2Fwp%2Fv2%2Fmedia&parent=551"}],"curies":[{"name":"wp","href":"https:\/\/api.w.org\/{rel}","templated":true}]}}